{"id":2836,"date":"2020-11-10T12:06:14","date_gmt":"2020-11-10T12:06:14","guid":{"rendered":"http:\/\/new.victorymedia.gr\/?product=kaderimin-%cf%84%ce%bf-%cf%80%ce%b5%cf%80%cf%81%cf%89%ce%bc%ce%b5%ce%bd%ce%bf-%ce%bf%ce%bb%ce%bf%ce%ba%ce%bb%ce%b7%cf%81%cf%89%ce%bc%ce%b5%ce%bd%ce%b7-%cf%83%ce%b5%ce%b9%cf%81%ce%b1-4-%ce%ba%ce%bf"},"modified":"2025-04-15T17:16:42","modified_gmt":"2025-04-15T17:16:42","slug":"kaderimin-%cf%84%ce%bf-%cf%80%ce%b5%cf%80%cf%81%cf%89%ce%bc%ce%b5%ce%bd%ce%bf-%ce%bf%ce%bb%ce%bf%ce%ba%ce%bb%ce%b7%cf%81%cf%89%ce%bc%ce%b5%ce%bd%ce%b7-%cf%83%ce%b5%ce%b9%cf%81%ce%b1-4-%ce%ba%ce%bf","status":"publish","type":"product","link":"https:\/\/victorymedia.gr\/?product=kaderimin-%cf%84%ce%bf-%cf%80%ce%b5%cf%80%cf%81%cf%89%ce%bc%ce%b5%ce%bd%ce%bf-%ce%bf%ce%bb%ce%bf%ce%ba%ce%bb%ce%b7%cf%81%cf%89%ce%bc%ce%b5%ce%bd%ce%b7-%cf%83%ce%b5%ce%b9%cf%81%ce%b1-4-%ce%ba%ce%bf","title":{"rendered":"\u03a3\u03a4\u0391 \u0394\u0399\u03a7\u03a4\u03a5\u0391 \u03a4\u039f\u03a5 \u03a0\u0395\u03a0\u03a1\u03a9\u039c\u0395\u039d\u039f\u03a5 (KADER\u0130M\u0130N YAZILDI\u011eI G\u00dcN)"},"content":{"rendered":"<p><strong>\u03a0\u03b5\u03c1\u03b9\u03ad\u03c7\u03b5\u03b9 99 \u0395\u03c0\u03b5\u03b9\u03c3\u03cc\u03b4\u03b9\u03b1<\/strong><\/p>\n<p>\u0397 \u03bf\u03b9\u03ba\u03bf\u03b3\u03ad\u03bd\u03b5\u03b9\u03b1 \u0393\u03b9\u03bf\u03c1\u03bf\u03c5\u03ba\u03c7\u03ac\u03bd \u03b5\u03c5\u03b7\u03bc\u03b5\u03c1\u03b5\u03af, \u03c0\u03bb\u03bf\u03c5\u03c4\u03af\u03b6\u03bf\u03bd\u03c4\u03b1\u03c2 \u03b1\u03c0\u03cc \u03c4\u03b1 \u03b5\u03cd\u03c6\u03bf\u03c1\u03b1 \u03ba\u03c4\u03ae\u03bc\u03b1\u03c4\u03b1 \u03bc\u03b5 \u03c1\u03bf\u03b4\u03b9\u03ad\u03c2 \u03c0\u03bf\u03c5 \u03ad\u03c7\u03bf\u03c5\u03bd \u03c3\u03c4\u03b7\u03bd \u03b5\u03c0\u03b1\u03c1\u03c7\u03af\u03b1 \u03a7\u03b1\u03c4\u03ac\u03b9. \u039f \u03b5\u03c5\u03bb\u03bf\u03b3\u03b7\u03bc\u03ad\u03bd\u03bf\u03c2 \u03ba\u03b1\u03c1\u03c0\u03cc\u03c2 \u03c4\u03b7\u03c2 \u03b1\u03c6\u03b8\u03bf\u03bd\u03af\u03b1\u03c2 \u03c4\u03bf\u03cd\u03c2 \u03c6\u03ad\u03c1\u03bd\u03b5\u03b9 \u03c7\u03c1\u03ae\u03bc\u03b1\u03c4\u03b1 \u03ba\u03b1\u03b9 \u03c4\u03cd\u03c7\u03b7, \u03bd\u03b1 \u03bf\u03bd\u03b5\u03b9\u03c1\u03b5\u03cd\u03bf\u03bd\u03c4\u03b1\u03b9 \u03ad\u03bd\u03b1 \u03bc\u03ad\u03bb\u03bb\u03bf\u03bd \u03b3\u03b5\u03bc\u03ac\u03c4\u03bf \u03c7\u03b1\u03c1\u03ad\u03c2. \u039f \u03b1\u03b3\u03b1\u03c0\u03b7\u03bc\u03ad\u03bd\u03bf\u03c2 \u03b3\u03b9\u03bf\u03c2 \u03c4\u03b7\u03c2 \u03bf\u03b9\u03ba\u03bf\u03b3\u03ad\u03bd\u03b5\u03b9\u03b1\u03c2 \u03c9\u03c3\u03c4\u03cc\u03c3\u03bf, \u03bf \u039a\u03b1\u03c7\u03c1\u03b1\u03bc\u03ac\u03bd, \u03ba\u03b1\u03b9 \u03b7 \u03c3\u03cd\u03b6\u03c5\u03b3\u03cc\u03c2 \u03c4\u03bf\u03c5, \u039d\u03c4\u03b5\u03c6\u03bd\u03ad, \u03b6\u03bf\u03c5\u03bd \u03bc\u03b5 \u03ad\u03bd\u03b1 \u03c0\u03bf\u03bb\u03cd \u03b5\u03c0\u03ce\u03b4\u03c5\u03bd\u03bf \u03bc\u03c5\u03c3\u03c4\u03b9\u03ba\u03cc. \u03a0\u03b1\u03c1\u03cc\u03bb\u03b5\u03c2 \u03c4\u03b9\u03c2 \u03c0\u03c1\u03bf\u03c3\u03c0\u03ac\u03b8\u03b5\u03b9\u03ad\u03c2 \u03c4\u03bf\u03c5\u03c2, \u03b4\u03b5\u03bd \u03ad\u03c7\u03bf\u03c5\u03bd \u03ba\u03b1\u03c4\u03b1\u03c6\u03ad\u03c1\u03b5\u03b9 \u03bd\u03b1 \u03b1\u03c0\u03bf\u03ba\u03c4\u03ae\u03c3\u03bf\u03c5\u03bd \u03ad\u03bd\u03b1 \u03c0\u03b1\u03b9\u03b4\u03af \u03ba\u03b1\u03b9 \u03b7 \u03c3\u03c5\u03bd\u03b5\u03b9\u03b4\u03b7\u03c4\u03bf\u03c0\u03bf\u03af\u03b7\u03c3\u03b7 \u03cc\u03c4\u03b9 \u03b1\u03c5\u03c4\u03cc \u03bc\u03c0\u03bf\u03c1\u03b5\u03af \u03bd\u03b1 \u03bc\u03b7 \u03c3\u03c5\u03bc\u03b2\u03b5\u03af \u03c0\u03bf\u03c4\u03ad \u03c4\u03bf\u03c5\u03c2 \u03c4\u03c3\u03b1\u03ba\u03af\u03b6\u03b5\u03b9. \u039f \u03bc\u03b5\u03b3\u03b1\u03bb\u03cd\u03c4\u03b5\u03c1\u03bf\u03c2 \u03b1\u03b4\u03b5\u03c1\u03c6\u03cc\u03c2, \u03bf \u0393\u03b9\u03b1\u03ba\u03bf\u03cd\u03c0, \u03ad\u03c7\u03b5\u03b9 \u03ae\u03b4\u03b7 \u03b4\u03cd\u03bf \u03ba\u03cc\u03c1\u03b5\u03c2 \u03bc\u03b5 \u03c4\u03b7 \u03b3\u03c5\u03bd\u03b1\u03af\u03ba\u03b1 \u03c4\u03bf\u03c5, \u03c4\u03b7 \u03a3\u03bf\u03c5\u03ba\u03c1\u03ac\u03bd, \u03c4\u03cc\u03c3\u03bf \u03bf \u03c0\u03b1\u03c4\u03c1\u03b9\u03ac\u03c1\u03c7\u03b7\u03c2 \u03c4\u03b7\u03c2 \u03bf\u03b9\u03ba\u03bf\u03b3\u03ad\u03bd\u03b5\u03b9\u03b1\u03c2 \u03cc\u03bc\u03c9\u03c2, \u03bf \u0396\u03b9\u03b3\u03b9\u03ac \u0393\u03b9\u03bf\u03c1\u03bf\u03c5\u03ba\u03c7\u03ac\u03bd \u03cc\u03c3\u03bf \u03ba\u03b1\u03b9 \u03b7 \u03bc\u03b7\u03c4\u03ad\u03c1\u03b1 \u03c4\u03b7\u03c2 \u03bf\u03b9\u03ba\u03bf\u03b3\u03ad\u03bd\u03b5\u03b9\u03b1\u03c2, \u03b7 \u039a\u03b9\u03b3\u03b9\u03bc\u03ad\u03c4, \u03b1\u03bd\u03c5\u03c0\u03bf\u03bc\u03bf\u03bd\u03bf\u03cd\u03bd \u03bd\u03b1 \u03ba\u03c1\u03b1\u03c4\u03ae\u03c3\u03bf\u03c5\u03bd \u03c3\u03c4\u03b1 \u03c7\u03ad\u03c1\u03b9\u03b1 \u03c4\u03bf\u03c5\u03c2 \u03ad\u03bd\u03b1\u03bd \u03b5\u03b3\u03b3\u03bf\u03bd\u03cc, \u03b3\u03b9\u03bf \u03c4\u03bf\u03c5 \u039a\u03b1\u03c7\u03c1\u03b1\u03bc\u03ac\u03bd, \u03c0\u03bf\u03c5 \u03b8\u03b1 \u03c3\u03c5\u03bd\u03b5\u03c7\u03af\u03c3\u03b5\u03b9 \u03c4\u03b7 \u03b4\u03c5\u03bd\u03b1\u03c3\u03c4\u03b5\u03af\u03b1 \u03c4\u03c9\u03bd \u03c1\u03bf\u03b4\u03b9\u03ce\u03bd. \u0395\u03b9\u03b4\u03b9\u03ba\u03ac \u03b7 \u039a\u03b9\u03b3\u03b9\u03bc\u03ad\u03c4 \u03b5\u03af\u03bd\u03b1\u03b9 \u03b1\u03c0\u03bf\u03c6\u03b1\u03c3\u03b9\u03c3\u03bc\u03ad\u03bd\u03b7 \u03bd\u03b1 \u03b2\u03c1\u03b5\u03b9 \u03ad\u03bd\u03b1\u03bd \u03c4\u03c1\u03cc\u03c0\u03bf \u03bd\u03b1 \u03b3\u03af\u03bd\u03b5\u03b9 \u03b3\u03b9\u03b1\u03b3\u03b9\u03ac \u03b1\u03c0\u03cc \u03c4\u03bf\u03bd \u03bb\u03b1\u03c4\u03c1\u03b5\u03bc\u03ad\u03bd\u03bf \u03c4\u03b7\u03c2 \u03b3\u03b9\u03bf\u2026<\/p>\n<p>\u03a4\u03b7\u03bd \u03af\u03b4\u03b9\u03b1 \u03ce\u03c1\u03b1 \u03c3\u03b5 \u03bc\u03af\u03b1 \u03c6\u03c4\u03c9\u03c7\u03ae \u03bf\u03b9\u03ba\u03bf\u03b3\u03ad\u03bd\u03b5\u03b9\u03b1 \u03c3\u03c4\u03bf \u03a7\u03b1\u03c4\u03ac\u03b9, \u03bc\u03af\u03b1 \u03b3\u03c5\u03bd\u03b1\u03af\u03ba\u03b1 \u03b1\u03bd\u03b1\u03b3\u03ba\u03ac\u03b6\u03b5\u03c4\u03b1\u03b9 \u03bd\u03b1 \u03c3\u03ba\u03bf\u03c4\u03ce\u03c3\u03b5\u03b9 \u03c4\u03bf\u03bd \u03ac\u03bd\u03c4\u03c1\u03b1 \u03c4\u03b7\u03c2 \u03b3\u03b9\u03b1 \u03bd\u03b1 \u03b1\u03c0\u03bf\u03c4\u03c1\u03ad\u03c8\u03b5\u03b9 \u03bd\u03b1 \u03b4\u03bf\u03b8\u03b5\u03af \u03b7 \u03ba\u03cc\u03c1\u03b7 \u03c4\u03b7\u03c2, \u0395\u03bb\u03af\u03c6, \u03c3\u03b5 \u03ad\u03bd\u03b1\u03bd \u03ac\u03bd\u03c4\u03c1\u03b1 \u03c0\u03bf\u03c5 \u03b4\u03b5\u03bd \u03b1\u03b3\u03b1\u03c0\u03ac, \u03c4\u03bf\u03bd \u039c\u03b1\u03ba\u03c3\u03bf\u03cd\u03c4.<\/p>\n<p>\u039c\u03af\u03b1 \u03c0\u03b5\u03c1\u03af\u03b5\u03c1\u03b3\u03b7 \u03bc\u03bf\u03af\u03c1\u03b1 \u03b8\u03b1 \u03b1\u03bd\u03b1\u03b3\u03ba\u03ac\u03c3\u03b5\u03b9 \u03c4\u03b7\u03bd \u0395\u03bb\u03af\u03c6 \u03bd\u03b1 \u03b3\u03af\u03bd\u03b5\u03b9 \u03c0\u03b1\u03c1\u03ad\u03bd\u03b8\u03b5\u03c4\u03b7 \u03bc\u03b7\u03c4\u03ad\u03c1\u03b1 \u03c4\u03bf\u03c5 \u03c0\u03b1\u03b9\u03b4\u03b9\u03bf\u03cd \u03c0\u03bf\u03c5 \u03c4\u03cc\u03c3\u03bf \u03bb\u03b1\u03c7\u03c4\u03b1\u03c1\u03bf\u03cd\u03bd \u03bf \u039a\u03b1\u03c7\u03c1\u03b1\u03bc\u03ac\u03bd \u03ba\u03b1\u03b9 \u03b7 \u039d\u03c4\u03b5\u03c6\u03bd\u03ad. \u038c\u03bc\u03c9\u03c2 \u03c4\u03b1 \u03c0\u03c1\u03ac\u03b3\u03bc\u03b1\u03c4\u03b1 \u03b4\u03b5\u03bd \u03b3\u03af\u03bd\u03bf\u03bd\u03c4\u03b1\u03b9 \u03c0\u03ac\u03bd\u03c4\u03b1 \u03cc\u03c0\u03c9\u03c2 \u03c4\u03b1 \u03c3\u03c7\u03b5\u03b4\u03b9\u03ac\u03b6\u03bf\u03c5\u03bc\u03b5\u2026<\/p>\n","protected":false},"excerpt":{"rendered":"<p>\u03a0\u03b5\u03c1\u03b9\u03ad\u03c7\u03b5\u03b9 99 \u0395\u03c0\u03b5\u03b9\u03c3\u03cc\u03b4\u03b9\u03b1 \u0397 \u03bf\u03b9\u03ba\u03bf\u03b3\u03ad\u03bd\u03b5\u03b9\u03b1 \u0393\u03b9\u03bf\u03c1\u03bf\u03c5\u03ba\u03c7\u03ac\u03bd \u03b5\u03c5\u03b7\u03bc\u03b5\u03c1\u03b5\u03af, \u03c0\u03bb\u03bf\u03c5\u03c4\u03af\u03b6\u03bf\u03bd\u03c4\u03b1\u03c2 \u03b1\u03c0\u03cc \u03c4\u03b1 \u03b5\u03cd\u03c6\u03bf\u03c1\u03b1 \u03ba\u03c4\u03ae\u03bc\u03b1\u03c4\u03b1 \u03bc\u03b5 \u03c1\u03bf\u03b4\u03b9\u03ad\u03c2 \u03c0\u03bf\u03c5 \u03ad\u03c7\u03bf\u03c5\u03bd \u03c3\u03c4\u03b7\u03bd \u03b5\u03c0\u03b1\u03c1\u03c7\u03af\u03b1 \u03a7\u03b1\u03c4\u03ac\u03b9. \u039f \u03b5\u03c5\u03bb\u03bf\u03b3\u03b7\u03bc\u03ad\u03bd\u03bf\u03c2 \u03ba\u03b1\u03c1\u03c0\u03cc\u03c2 \u03c4\u03b7\u03c2 \u03b1\u03c6\u03b8\u03bf\u03bd\u03af\u03b1\u03c2 \u03c4\u03bf\u03cd\u03c2 \u03c6\u03ad\u03c1\u03bd\u03b5\u03b9 \u03c7\u03c1\u03ae\u03bc\u03b1\u03c4\u03b1 \u03ba\u03b1\u03b9 \u03c4\u03cd\u03c7\u03b7, \u03bd\u03b1 \u03bf\u03bd\u03b5\u03b9\u03c1\u03b5\u03cd\u03bf\u03bd\u03c4\u03b1\u03b9 \u03ad\u03bd\u03b1 \u03bc\u03ad\u03bb\u03bb\u03bf\u03bd \u03b3\u03b5\u03bc\u03ac\u03c4\u03bf \u03c7\u03b1\u03c1\u03ad\u03c2. \u039f \u03b1\u03b3\u03b1\u03c0\u03b7\u03bc\u03ad\u03bd\u03bf\u03c2 \u03b3\u03b9\u03bf\u03c2 \u03c4\u03b7\u03c2 \u03bf\u03b9\u03ba\u03bf\u03b3\u03ad\u03bd\u03b5\u03b9\u03b1\u03c2 \u03c9\u03c3\u03c4\u03cc\u03c3\u03bf, \u03bf \u039a\u03b1\u03c7\u03c1\u03b1\u03bc\u03ac\u03bd, \u03ba\u03b1\u03b9 \u03b7 \u03c3\u03cd\u03b6\u03c5\u03b3\u03cc\u03c2 \u03c4\u03bf\u03c5, \u039d\u03c4\u03b5\u03c6\u03bd\u03ad, \u03b6\u03bf\u03c5\u03bd \u03bc\u03b5 \u03ad\u03bd\u03b1 \u03c0\u03bf\u03bb\u03cd \u03b5\u03c0\u03ce\u03b4\u03c5\u03bd\u03bf \u03bc\u03c5\u03c3\u03c4\u03b9\u03ba\u03cc. \u03a0\u03b1\u03c1\u03cc\u03bb\u03b5\u03c2 [&hellip;]<\/p>\n","protected":false},"featured_media":3172,"template":"","meta":[],"product_brand":[],"product_cat":[25,27,64,65],"product_tag":[],"class_list":{"0":"post-2836","1":"product","2":"type-product","3":"status-publish","4":"has-post-thumbnail","6":"product_cat-turkish-series","7":"product_cat-completeseries","8":"product_cat-romantic","9":"product_cat-drama","11":"first","12":"onbackorder","13":"taxable","14":"shipping-taxable","15":"product-type-simple"},"_links":{"self":[{"href":"https:\/\/victorymedia.gr\/index.php?rest_route=\/wp\/v2\/product\/2836","targetHints":{"allow":["GET"]}}],"collection":[{"href":"https:\/\/victorymedia.gr\/index.php?rest_route=\/wp\/v2\/product"}],"about":[{"href":"https:\/\/victorymedia.gr\/index.php?rest_route=\/wp\/v2\/types\/product"}],"wp:featuredmedia":[{"embeddable":true,"href":"https:\/\/victorymedia.gr\/index.php?rest_route=\/wp\/v2\/media\/3172"}],"wp:attachment":[{"href":"https:\/\/victorymedia.gr\/index.php?rest_route=%2Fwp%2Fv2%2Fmedia&parent=2836"}],"wp:term":[{"taxonomy":"product_brand","embeddable":true,"href":"https:\/\/victorymedia.gr\/index.php?rest_route=%2Fwp%2Fv2%2Fproduct_brand&post=2836"},{"taxonomy":"product_cat","embeddable":true,"href":"https:\/\/victorymedia.gr\/index.php?rest_route=%2Fwp%2Fv2%2Fproduct_cat&post=2836"},{"taxonomy":"product_tag","embeddable":true,"href":"https:\/\/victorymedia.gr\/index.php?rest_route=%2Fwp%2Fv2%2Fproduct_tag&post=2836"}],"curies":[{"name":"wp","href":"https:\/\/api.w.org\/{rel}","templated":true}]}}