{"id":3866,"date":"2022-07-14T11:46:02","date_gmt":"2022-07-14T11:46:02","guid":{"rendered":"http:\/\/victorymedia.gr\/?post_type=product&#038;p=3866"},"modified":"2025-04-15T17:10:53","modified_gmt":"2025-04-15T17:10:53","slug":"%ce%be%ce%b1%cf%86%ce%bd%ce%b9%ce%ba%ce%bf%cf%83-%ce%b5%cf%81%cf%89%cf%84%ce%b1%cf%83-inadina-ask-2","status":"publish","type":"product","link":"https:\/\/victorymedia.gr\/?product=%ce%be%ce%b1%cf%86%ce%bd%ce%b9%ce%ba%ce%bf%cf%83-%ce%b5%cf%81%cf%89%cf%84%ce%b1%cf%83-inadina-ask-2","title":{"rendered":"\u039e\u0391\u03a6\u039d\u0399\u039a\u039f\u03a3 \u0395\u03a1\u03a9\u03a4\u0391\u03a3 (INADINA ASK)"},"content":{"rendered":"<p><strong>\u03a0\u03b5\u03c1\u03b9\u03ad\u03c7\u03b5\u03b9 64 \u0395\u03c0\u03b5\u03b9\u03c3\u03cc\u03b4\u03b9\u03b1<\/strong><\/p>\n<p>\u039f \u0393\u03b9\u03b1\u03bb\u03af\u03bd \u0391\u03c1\u03ac\u03c2 \u03b5\u03af\u03bd\u03b1\u03b9 \u03bf \u03b5\u03b3\u03b3\u03bf\u03bd\u03cc\u03c2 \u03bc\u03af\u03b1\u03c2 \u03b1\u03c1\u03b9\u03c3\u03c4\u03bf\u03ba\u03c1\u03b1\u03c4\u03b9\u03ba\u03ae\u03c2 \u03bf\u03b9\u03ba\u03bf\u03b3\u03ad\u03bd\u03b5\u03b9\u03b1\u03c2 \u03c4\u03b7\u03c2 \u039a\u03c9\u03bd\u03c3\u03c4\u03b1\u03bd\u03c4\u03b9\u03bd\u03bf\u03cd\u03c0\u03bf\u03bb\u03b7\u03c2 \u03ba\u03b1\u03b9 \u03b9\u03b4\u03b9\u03bf\u03ba\u03c4\u03ae\u03c4\u03b7\u03c2 \u03c4\u03b7\u03c2 \u03b5\u03c4\u03b1\u03b9\u03c1\u03b5\u03af\u03b1\u03c2 Arass Technology. \u03a3\u03c4\u03b7\u03bd \u03bf\u03c5\u03c3\u03af\u03b1, \u03cc\u03bc\u03c9\u03c2, \u03bf \u0393\u03b9\u03b1\u03bb\u03af\u03bd \u03b5\u03af\u03bd\u03b1\u03b9 \u03ac\u03bd\u03b8\u03c1\u03c9\u03c0\u03bf\u03c2 \u03c4\u03c9\u03bd \u03b2\u03bf\u03c5\u03bd\u03ce\u03bd. \u0395\u03ba\u03c4\u03cc\u03c2 \u03b1\u03c0\u03cc \u03c4\u03bf \u03bd\u03b1 \u03b3\u03c1\u03ac\u03c6\u03b5\u03b9 \u03ba\u03ce\u03b4\u03b9\u03ba\u03b5\u03c2, \u03b7 \u03bc\u03b5\u03b3\u03b1\u03bb\u03cd\u03c4\u03b5\u03c1\u03b7 \u03b5\u03c5\u03c7\u03b1\u03c1\u03af\u03c3\u03c4\u03b7\u03c3\u03ae \u03c4\u03bf\u03c5 \u03b5\u03af\u03bd\u03b1\u03b9 \u03bd\u03b1 \u03c0\u03b5\u03c1\u03b9\u03c0\u03bb\u03b1\u03bd\u03b9\u03ad\u03c4\u03b1\u03b9 \u03c3\u03c4\u03b1 \u03b2\u03bf\u03c5\u03bd\u03ac \u03ba\u03b1\u03b9 \u03c4\u03b1 \u03b4\u03ac\u03c3\u03b7 \u03ba\u03b1\u03b9 \u03bd\u03b1 \u03ba\u03c5\u03bd\u03b7\u03b3\u03ac.\u038c\u03c4\u03b1\u03bd \u03b7 \u039d\u03c4\u03b5\u03c6\u03bd\u03ad \u03ad\u03c1\u03c7\u03b5\u03c4\u03b1\u03b9 \u03b3\u03b9\u03b1 \u03bd\u03b1 \u03b5\u03c1\u03b3\u03b1\u03c3\u03c4\u03b5\u03af \u03c3\u03c4\u03b7\u03bd \u03b5\u03c4\u03b1\u03b9\u03c1\u03b5\u03af\u03b1 \u03c4\u03bf\u03c5 \u0393\u03b9\u03b1\u03bb\u03af\u03bd, \u03b7 \u03c0\u03c1\u03ce\u03c4\u03b7 \u03c3\u03c5\u03bd\u03ac\u03bd\u03c4\u03b7\u03c3\u03b7 \u03bc\u03b1\u03b6\u03af \u03c4\u03bf\u03c5 \u03b8\u03b1 \u03b5\u03af\u03bd\u03b1\u03b9 \u03b5\u03bd\u03c4\u03b5\u03bb\u03ce\u03c2 \u03b1\u03c0\u03c1\u03bf\u03c3\u03b4\u03cc\u03ba\u03b7\u03c4\u03b7, \u03b1\u03bb\u03bb\u03ac \u03b8\u03b1 \u03b1\u03c6\u03ae\u03c3\u03b5\u03b9 \u03c3\u03b5 \u03b5\u03ba\u03b5\u03af\u03bd\u03bf\u03bd \u03c4\u03b9\u03c2&#8230; \u03ba\u03b1\u03bb\u03cd\u03c4\u03b5\u03c1\u03b5\u03c2 \u03b5\u03bd\u03c4\u03c5\u03c0\u03ce\u03c3\u03b5\u03b9\u03c2!<\/p>\n<p>\u03a0\u03b1\u03c1\u03ac \u03c4\u03bf \u03b5\u03bd\u03b4\u03b9\u03b1\u03c6\u03ad\u03c1\u03bf\u03bd \u03c0\u03bf\u03c5 \u03b1\u03b9\u03c3\u03b8\u03ac\u03bd\u03bf\u03bd\u03c4\u03b1\u03b9 \u03ba\u03b1\u03b9 \u03bf\u03b9 \u03b4\u03cd\u03bf, \u03c4\u03bf \u03c0\u03b5\u03af\u03c3\u03bc\u03b1 \u03b4\u03b5\u03bd \u03c4\u03bf\u03c5\u03c2 \u03b1\u03c6\u03ae\u03bd\u03b5\u03b9 \u03bd\u03b1 \u03b1\u03bd\u03b5\u03c7\u03b8\u03bf\u03cd\u03bd \u03bf \u03ad\u03bd\u03b1\u03c2 \u03c4\u03bf\u03bd \u03ac\u03bb\u03bb\u03bf, \u03b4\u03c5\u03c3\u03ba\u03bf\u03bb\u03b5\u03cd\u03bf\u03bd\u03c4\u03b1\u03c2 \u03ba\u03b1\u03b9 \u03c4\u03b7 \u03c3\u03c5\u03bd\u03b5\u03c1\u03b3\u03b1\u03c3\u03af\u03b1 \u03c4\u03bf\u03c5\u03c2 \u03c3\u03c4\u03b7 \u03b4\u03bf\u03c5\u03bb\u03b5\u03b9\u03ac.<\/p>\n<p>\u0398\u03b1 \u03ba\u03b1\u03c4\u03b1\u03c6\u03ad\u03c1\u03bf\u03c5\u03bd \u03b7 \u039d\u03c4\u03b5\u03c6\u03bd\u03ad \u03ba\u03b1\u03b9 \u03bf \u0393\u03b9\u03b1\u03bb\u03af\u03bd \u03bd\u03b1 \u03b1\u03b3\u03b1\u03c0\u03ae\u03c3\u03bf\u03c5\u03bd \u03c0\u03c1\u03b1\u03b3\u03bc\u03b1\u03c4\u03b9\u03ba\u03ac \u03bf \u03ad\u03bd\u03b1\u03c2 \u03c4\u03bf\u03bd \u03ac\u03bb\u03bb\u03bf; \u0398\u03b1 \u03bc\u03c0\u03bf\u03c1\u03ad\u03c3\u03bf\u03c5\u03bd \u03bd\u03b1 \u03be\u03b5\u03c0\u03b5\u03c1\u03ac\u03c3\u03bf\u03c5\u03bd \u03c4\u03bf \u03c0\u03b5\u03af\u03c3\u03bc\u03b1 \u03ba\u03b1\u03b9 \u03bd\u03b1 \u03c7\u03b1\u03c1\u03bf\u03cd\u03bd \u03c4\u03bf\u03bd \u03be\u03b1\u03c6\u03bd\u03b9\u03ba\u03cc \u03ad\u03c1\u03c9\u03c4\u03b1 \u03c4\u03bf\u03c5\u03c2;<\/p>\n<p><strong><u>\u03a3\u0395\u039d\u0391\u03a1\u0399\u039f<\/u><\/strong><strong>:<\/strong> Ferda Ery\u0131lmaz, Nehir Erdem<\/p>\n<p><strong><u>\u03a3\u039a\u0397\u039d\u039f\u0398\u0395\u03a3\u0399\u0391<\/u><\/strong><strong>: <\/strong>Osman S\u0131nav<\/p>\n<p><strong><u>\u03a0\u03a1\u03a9\u03a4\u0391\u0393\u03a9\u039d\u0399\u03a3\u03a4\u039f\u03a5\u039d<\/u><\/strong><strong>: <\/strong>Can Yaman (\u0393\u03b9\u03b1\u03bb\u03af\u03bd), A\u00e7elya Topalo\u011flu (\u039d\u03c4\u03b5\u03c6\u03bd\u03ad), Nilay Duru (\u0393\u03b5\u03c3\u03af\u03bc), Eren Vurdem (\u03a4\u03c3\u03b9\u03bd\u03ac\u03c1), Cevahir Turan (\u0395\u03b6\u03b3\u03ba\u03af), Cem Belevi (\u039d\u03c4\u03b5\u03bd\u03af\u03b6), Ye\u015fim Dalg\u0131\u00e7er (\u039b\u03b5\u03ca\u03bb\u03ac), Taner Rumeli (\u03a4\u03bf\u03c0\u03c1\u03ac\u03ba), \u0130lay Erk\u00f6k (\u039d\u03c4\u03b1\u03bc\u03bb\u03ac), Tibet Dursun (\u0399\u03bd\u03c4\u03c1\u03af\u03c2), Bilge \u015een (\u03a0\u03ad\u03bc\u03c0\u03b5), Selim G\u00fcrata (\u03a3\u03bf\u03c5\u03c1\u03b5\u03ca\u03b3\u03b9\u03ac), Elvin Levinler (\u039d\u03b5\u03c7\u03af\u03c1)<\/p>\n<p><strong><u>\u03a0\u0391\u03a1\u0391\u0393\u03a9\u0393\u0397<\/u><\/strong><strong>: <\/strong>Sinegraf<\/p>\n","protected":false},"excerpt":{"rendered":"<p>\u03a0\u03b5\u03c1\u03b9\u03ad\u03c7\u03b5\u03b9 64 \u0395\u03c0\u03b5\u03b9\u03c3\u03cc\u03b4\u03b9\u03b1 \u039f \u0393\u03b9\u03b1\u03bb\u03af\u03bd \u0391\u03c1\u03ac\u03c2 \u03b5\u03af\u03bd\u03b1\u03b9 \u03bf \u03b5\u03b3\u03b3\u03bf\u03bd\u03cc\u03c2 \u03bc\u03af\u03b1\u03c2 \u03b1\u03c1\u03b9\u03c3\u03c4\u03bf\u03ba\u03c1\u03b1\u03c4\u03b9\u03ba\u03ae\u03c2 \u03bf\u03b9\u03ba\u03bf\u03b3\u03ad\u03bd\u03b5\u03b9\u03b1\u03c2 \u03c4\u03b7\u03c2 \u039a\u03c9\u03bd\u03c3\u03c4\u03b1\u03bd\u03c4\u03b9\u03bd\u03bf\u03cd\u03c0\u03bf\u03bb\u03b7\u03c2 \u03ba\u03b1\u03b9 \u03b9\u03b4\u03b9\u03bf\u03ba\u03c4\u03ae\u03c4\u03b7\u03c2 \u03c4\u03b7\u03c2 \u03b5\u03c4\u03b1\u03b9\u03c1\u03b5\u03af\u03b1\u03c2 Arass Technology. \u03a3\u03c4\u03b7\u03bd \u03bf\u03c5\u03c3\u03af\u03b1, \u03cc\u03bc\u03c9\u03c2, \u03bf \u0393\u03b9\u03b1\u03bb\u03af\u03bd \u03b5\u03af\u03bd\u03b1\u03b9 \u03ac\u03bd\u03b8\u03c1\u03c9\u03c0\u03bf\u03c2 \u03c4\u03c9\u03bd \u03b2\u03bf\u03c5\u03bd\u03ce\u03bd. \u0395\u03ba\u03c4\u03cc\u03c2 \u03b1\u03c0\u03cc \u03c4\u03bf \u03bd\u03b1 \u03b3\u03c1\u03ac\u03c6\u03b5\u03b9 \u03ba\u03ce\u03b4\u03b9\u03ba\u03b5\u03c2, \u03b7 \u03bc\u03b5\u03b3\u03b1\u03bb\u03cd\u03c4\u03b5\u03c1\u03b7 \u03b5\u03c5\u03c7\u03b1\u03c1\u03af\u03c3\u03c4\u03b7\u03c3\u03ae \u03c4\u03bf\u03c5 \u03b5\u03af\u03bd\u03b1\u03b9 \u03bd\u03b1 \u03c0\u03b5\u03c1\u03b9\u03c0\u03bb\u03b1\u03bd\u03b9\u03ad\u03c4\u03b1\u03b9 \u03c3\u03c4\u03b1 \u03b2\u03bf\u03c5\u03bd\u03ac \u03ba\u03b1\u03b9 \u03c4\u03b1 \u03b4\u03ac\u03c3\u03b7 \u03ba\u03b1\u03b9 \u03bd\u03b1 \u03ba\u03c5\u03bd\u03b7\u03b3\u03ac.\u038c\u03c4\u03b1\u03bd \u03b7 \u039d\u03c4\u03b5\u03c6\u03bd\u03ad \u03ad\u03c1\u03c7\u03b5\u03c4\u03b1\u03b9 \u03b3\u03b9\u03b1 \u03bd\u03b1 [&hellip;]<\/p>\n","protected":false},"featured_media":3867,"template":"","meta":[],"product_brand":[],"product_cat":[25,27,64],"product_tag":[],"class_list":{"0":"post-3866","1":"product","2":"type-product","3":"status-publish","4":"has-post-thumbnail","6":"product_cat-turkish-series","7":"product_cat-completeseries","8":"product_cat-romantic","10":"first","11":"onbackorder","12":"taxable","13":"shipping-taxable","14":"product-type-simple"},"_links":{"self":[{"href":"https:\/\/victorymedia.gr\/index.php?rest_route=\/wp\/v2\/product\/3866","targetHints":{"allow":["GET"]}}],"collection":[{"href":"https:\/\/victorymedia.gr\/index.php?rest_route=\/wp\/v2\/product"}],"about":[{"href":"https:\/\/victorymedia.gr\/index.php?rest_route=\/wp\/v2\/types\/product"}],"wp:featuredmedia":[{"embeddable":true,"href":"https:\/\/victorymedia.gr\/index.php?rest_route=\/wp\/v2\/media\/3867"}],"wp:attachment":[{"href":"https:\/\/victorymedia.gr\/index.php?rest_route=%2Fwp%2Fv2%2Fmedia&parent=3866"}],"wp:term":[{"taxonomy":"product_brand","embeddable":true,"href":"https:\/\/victorymedia.gr\/index.php?rest_route=%2Fwp%2Fv2%2Fproduct_brand&post=3866"},{"taxonomy":"product_cat","embeddable":true,"href":"https:\/\/victorymedia.gr\/index.php?rest_route=%2Fwp%2Fv2%2Fproduct_cat&post=3866"},{"taxonomy":"product_tag","embeddable":true,"href":"https:\/\/victorymedia.gr\/index.php?rest_route=%2Fwp%2Fv2%2Fproduct_tag&post=3866"}],"curies":[{"name":"wp","href":"https:\/\/api.w.org\/{rel}","templated":true}]}}